{"id":386,"date":"2025-03-29T09:04:41","date_gmt":"2025-03-29T08:04:41","guid":{"rendered":"https:\/\/hoju.ovh\/?page_id=386"},"modified":"2025-04-03T18:53:24","modified_gmt":"2025-04-03T16:53:24","slug":"ons-programmpunkten","status":"publish","type":"page","link":"https:\/\/hoju.ovh\/index.php\/ons-programmpunkten\/","title":{"rendered":"Ons Programmpunkten"},"content":{"rendered":"\n<main class=\"wp-block-group is-layout-grid wp-container-core-group-is-layout-6059c0ab wp-block-group-is-layout-grid\">\n<figure class=\"wp-block-image size-full wp-container-content-574e1f9d\"><img loading=\"lazy\" decoding=\"async\" width=\"596\" height=\"329\" src=\"https:\/\/hoju.ovh\/wp-content\/uploads\/2025\/03\/Activity-hub.jpg\" alt=\"\" class=\"wp-image-424\" srcset=\"https:\/\/hoju.ovh\/wp-content\/uploads\/2025\/03\/Activity-hub.jpg 596w, https:\/\/hoju.ovh\/wp-content\/uploads\/2025\/03\/Activity-hub-300x166.jpg 300w\" sizes=\"auto, (max-width: 596px) 100vw, 596px\" \/><\/figure>\n\n\n\n<p class=\"has-text-align-center wp-container-content-8061b864\">&nbsp;Treff Scouten aus der ganzer Welt, stell d\u00e4i Grupp vir a l\u00e9ier spannend international Projeten kennen!<\/p>\n<\/main>\n\n\n\n<div style=\"height:50px\" aria-hidden=\"true\" class=\"wp-block-spacer\"><\/div>\n\n\n\n<div class=\"wp-block-group is-layout-grid wp-container-core-group-is-layout-6059c0ab wp-block-group-is-layout-grid\">\n<p class=\"has-text-align-center wp-container-content-de781617\">Kuck Live-Emissiounen mat spannende G\u00e4scht, Scouten aus der ganzer Welt an exklusiven Event-Highlights!<\/p>\n\n\n\n<figure class=\"wp-block-image size-full\"><img loading=\"lazy\" decoding=\"async\" width=\"596\" height=\"329\" src=\"https:\/\/hoju.ovh\/wp-content\/uploads\/2025\/03\/Live.jpg\" alt=\"\" class=\"wp-image-437\" srcset=\"https:\/\/hoju.ovh\/wp-content\/uploads\/2025\/03\/Live.jpg 596w, https:\/\/hoju.ovh\/wp-content\/uploads\/2025\/03\/Live-300x166.jpg 300w\" sizes=\"auto, (max-width: 596px) 100vw, 596px\" \/><\/figure>\n<\/div>\n\n\n\n<div style=\"height:50px\" aria-hidden=\"true\" class=\"wp-block-spacer\"><\/div>\n\n\n\n<div class=\"wp-block-group is-layout-grid wp-container-core-group-is-layout-6059c0ab wp-block-group-is-layout-grid\">\n<figure class=\"wp-block-image size-full\"><img loading=\"lazy\" decoding=\"async\" width=\"596\" height=\"329\" src=\"https:\/\/hoju.ovh\/wp-content\/uploads\/2025\/03\/Geodetective.jpg\" alt=\"\" class=\"wp-image-435\" srcset=\"https:\/\/hoju.ovh\/wp-content\/uploads\/2025\/03\/Geodetective.jpg 596w, https:\/\/hoju.ovh\/wp-content\/uploads\/2025\/03\/Geodetective-300x166.jpg 300w\" sizes=\"auto, (max-width: 596px) 100vw, 596px\" \/><\/figure>\n\n\n\n<p class=\"has-text-align-center wp-container-content-de781617\">L\u00e9is mat anere Scoute R\u00e4tselen a benotzt Hiweiser fir erauszefannen, vu wou op der Welt si sech ageloggt hunn. <br>Mat Koordinaten, Fotoen a kulturelle Spuere k\u00ebnnt dir d\u2019Plaze ronder\u00ebm de Globus entdecken.<\/p>\n<\/div>\n\n\n\n<div style=\"height:50px\" aria-hidden=\"true\" class=\"wp-block-spacer\"><\/div>\n\n\n\n<div class=\"wp-block-group is-layout-grid wp-container-core-group-is-layout-6059c0ab wp-block-group-is-layout-grid\">\n<p class=\"has-text-align-center wp-container-content-de781617\">Entdeckt d\u2019Welt vum Amateurfunk a verbonn dech mat Scouten op der ganzer Welt iwwer Radiofrequenzen!<\/p>\n\n\n\n<figure class=\"wp-block-image size-full wp-container-content-574e1f9d\"><img loading=\"lazy\" decoding=\"async\" width=\"596\" height=\"329\" src=\"https:\/\/hoju.ovh\/wp-content\/uploads\/2025\/03\/Amateur-Radio-Hub.jpg\" alt=\"\" class=\"wp-image-426\" srcset=\"https:\/\/hoju.ovh\/wp-content\/uploads\/2025\/03\/Amateur-Radio-Hub.jpg 596w, https:\/\/hoju.ovh\/wp-content\/uploads\/2025\/03\/Amateur-Radio-Hub-300x166.jpg 300w\" sizes=\"auto, (max-width: 596px) 100vw, 596px\" \/><\/figure>\n<\/div>\n\n\n\n<div style=\"height:50px\" aria-hidden=\"true\" class=\"wp-block-spacer\"><\/div>\n\n\n\n<div class=\"wp-block-group is-layout-grid wp-container-core-group-is-layout-6059c0ab wp-block-group-is-layout-grid\">\n<figure class=\"wp-block-image size-full\"><img loading=\"lazy\" decoding=\"async\" width=\"596\" height=\"329\" src=\"https:\/\/hoju.ovh\/wp-content\/uploads\/2025\/03\/VarAC-HamPlay.jpg\" alt=\"\" class=\"wp-image-451\" srcset=\"https:\/\/hoju.ovh\/wp-content\/uploads\/2025\/03\/VarAC-HamPlay.jpg 596w, https:\/\/hoju.ovh\/wp-content\/uploads\/2025\/03\/VarAC-HamPlay-300x166.jpg 300w\" sizes=\"auto, (max-width: 596px) 100vw, 596px\" \/><\/figure>\n\n\n\n<p class=\"has-text-align-center wp-container-content-de781617\">L\u00e9ier Funktechnik op eng spilleresch Man\u00e9ier mat Ham-Play! Prob\u00e9ier verschidde Simulatiounen aus a verst\u00e4erk deng F\u00e4egkeeten am Amateurfunk.<\/p>\n<\/div>\n\n\n\n<div style=\"height:50px\" aria-hidden=\"true\" class=\"wp-block-spacer\"><\/div>\n\n\n\n<div class=\"wp-block-group is-layout-grid wp-container-core-group-is-layout-6059c0ab wp-block-group-is-layout-grid\">\n<p class=\"has-text-align-center wp-container-content-de781617\">G\u00e9i op d&#8217;Sich no engem verstoppte Radiosender! Mat enger Antenn an engem Empf\u00e4nger versichs du, de \u201eFuuss\u201c ze fannen, deen iergendwou an der G\u00e9igend Signaler sch\u00e9ckt.<\/p>\n\n\n\n<figure class=\"wp-block-image size-full wp-container-content-574e1f9d\"><img loading=\"lazy\" decoding=\"async\" width=\"596\" height=\"329\" src=\"https:\/\/hoju.ovh\/wp-content\/uploads\/2025\/03\/Fox-Hunt-1.jpg\" alt=\"\" class=\"wp-image-453\" srcset=\"https:\/\/hoju.ovh\/wp-content\/uploads\/2025\/03\/Fox-Hunt-1.jpg 596w, https:\/\/hoju.ovh\/wp-content\/uploads\/2025\/03\/Fox-Hunt-1-300x166.jpg 300w\" sizes=\"auto, (max-width: 596px) 100vw, 596px\" \/><\/figure>\n<\/div>\n\n\n\n<div style=\"height:50px\" aria-hidden=\"true\" class=\"wp-block-spacer\"><\/div>\n\n\n\n<div class=\"wp-block-group is-layout-grid wp-container-core-group-is-layout-6059c0ab wp-block-group-is-layout-grid\">\n<figure class=\"wp-block-image size-full\"><img loading=\"lazy\" decoding=\"async\" width=\"596\" height=\"329\" src=\"https:\/\/hoju.ovh\/wp-content\/uploads\/2025\/03\/Morsen.jpg\" alt=\"\" class=\"wp-image-443\" srcset=\"https:\/\/hoju.ovh\/wp-content\/uploads\/2025\/03\/Morsen.jpg 596w, https:\/\/hoju.ovh\/wp-content\/uploads\/2025\/03\/Morsen-300x166.jpg 300w\" sizes=\"auto, (max-width: 596px) 100vw, 596px\" \/><\/figure>\n\n\n\n<p class=\"has-text-align-center wp-container-content-de781617\">Taucht an d\u2019Welt vum Morsecode an a l\u00e9ier, w\u00e9i een Noriichte mat Punkten a Str\u00e9cher iwwerm\u00ebttelt \u2013 direkt um PC!<\/p>\n<\/div>\n\n\n\n<div style=\"height:50px\" aria-hidden=\"true\" class=\"wp-block-spacer\"><\/div>\n\n\n\n<div class=\"wp-block-group is-layout-grid wp-container-core-group-is-layout-6059c0ab wp-block-group-is-layout-grid\">\n<p class=\"has-text-align-center wp-container-content-de781617\">L\u00e9ier, w\u00e9i een Morsecode direkt am F\u00ebld benotzt! D\u00ebst Spill h\u00eblt dech aus dem virtuellen Raum an an d\u2019Natur, fir d&#8217;Kommunikatioun iwwer Funk w\u00e4hrend d\u2019Scout-Activit\u00e9iten ze \u00fcben.<\/p>\n\n\n\n<figure class=\"wp-block-image size-full\"><img loading=\"lazy\" decoding=\"async\" width=\"596\" height=\"329\" src=\"https:\/\/hoju.ovh\/wp-content\/uploads\/2025\/03\/Morsen-Outdoor.jpg\" alt=\"\" class=\"wp-image-441\" srcset=\"https:\/\/hoju.ovh\/wp-content\/uploads\/2025\/03\/Morsen-Outdoor.jpg 596w, https:\/\/hoju.ovh\/wp-content\/uploads\/2025\/03\/Morsen-Outdoor-300x166.jpg 300w\" sizes=\"auto, (max-width: 596px) 100vw, 596px\" \/><\/figure>\n<\/div>\n\n\n\n<div style=\"height:50px\" aria-hidden=\"true\" class=\"wp-block-spacer\"><\/div>\n\n\n\n<div class=\"wp-block-group is-layout-grid wp-container-core-group-is-layout-6059c0ab wp-block-group-is-layout-grid\">\n<figure class=\"wp-block-image size-full\"><img loading=\"lazy\" decoding=\"async\" width=\"596\" height=\"329\" src=\"https:\/\/hoju.ovh\/wp-content\/uploads\/2025\/03\/Hot-wire-1.jpg\" alt=\"\" class=\"wp-image-456\" srcset=\"https:\/\/hoju.ovh\/wp-content\/uploads\/2025\/03\/Hot-wire-1.jpg 596w, https:\/\/hoju.ovh\/wp-content\/uploads\/2025\/03\/Hot-wire-1-300x166.jpg 300w\" sizes=\"auto, (max-width: 596px) 100vw, 596px\" \/><\/figure>\n\n\n\n<p class=\"has-text-align-center wp-container-content-de781617\">Test deng Nerven a Gesch\u00e9ck , a versich de Hot Wire esou schnell an esou pr\u00e4zis w\u00e9i m\u00e9iglech duerch d\u2019Course ze kr\u00e9ien, ouni e Feeler ze maachen.<\/p>\n<\/div>\n\n\n\n<div style=\"height:50px\" aria-hidden=\"true\" class=\"wp-block-spacer\"><\/div>\n\n\n\n<div class=\"wp-block-group is-layout-grid wp-container-core-group-is-layout-6059c0ab wp-block-group-is-layout-grid\">\n<p class=\"has-text-align-center wp-container-content-de781617\">Maach mat bei de PMR-Games, wou d&#8217;Kommunikatioun iwwer PMR-Funkger\u00e4ter am M\u00ebnsch-zu-M\u00ebnsch-Raam gespillt g\u00ebtt. D\u00ebst Spill h\u00eblt dech an d&#8217;Welt vum Funk an a prob\u00e9iert, den Team mat limit\u00e9ierter Funkfrequenz ze koordin\u00e9ieren!<\/p>\n\n\n\n<figure class=\"wp-block-image size-full\"><img loading=\"lazy\" decoding=\"async\" width=\"596\" height=\"329\" src=\"https:\/\/hoju.ovh\/wp-content\/uploads\/2025\/03\/PMR-Games.jpg\" alt=\"\" class=\"wp-image-446\" srcset=\"https:\/\/hoju.ovh\/wp-content\/uploads\/2025\/03\/PMR-Games.jpg 596w, https:\/\/hoju.ovh\/wp-content\/uploads\/2025\/03\/PMR-Games-300x166.jpg 300w\" sizes=\"auto, (max-width: 596px) 100vw, 596px\" \/><\/figure>\n<\/div>\n\n\n\n<div style=\"height:50px\" aria-hidden=\"true\" class=\"wp-block-spacer\"><\/div>\n\n\n\n<div class=\"wp-block-group is-layout-grid wp-container-core-group-is-layout-6059c0ab wp-block-group-is-layout-grid\">\n<figure class=\"wp-block-image size-full\"><img loading=\"lazy\" decoding=\"async\" width=\"596\" height=\"329\" src=\"https:\/\/hoju.ovh\/wp-content\/uploads\/2025\/03\/Minecraft.jpg\" alt=\"\" class=\"wp-image-439\" srcset=\"https:\/\/hoju.ovh\/wp-content\/uploads\/2025\/03\/Minecraft.jpg 596w, https:\/\/hoju.ovh\/wp-content\/uploads\/2025\/03\/Minecraft-300x166.jpg 300w\" sizes=\"auto, (max-width: 596px) 100vw, 596px\" \/><\/figure>\n\n\n\n<p class=\"has-text-align-center wp-container-content-de781617\">Verbonn dech mat anere Scouten an enger speziell gebauter Minecraft-Welt! Dir k\u00ebnnt zesumme schaffen, bauen, a spannend Abenteuer duerchf\u00e9iere w\u00e9i an engem echte Scoutlager.<\/p>\n<\/div>\n\n\n\n<div style=\"height:50px\" aria-hidden=\"true\" class=\"wp-block-spacer\"><\/div>\n\n\n\n<div class=\"wp-block-group is-layout-grid wp-container-core-group-is-layout-6059c0ab wp-block-group-is-layout-grid\">\n<p class=\"has-text-align-center wp-container-content-de781617\">Verbann dech an engem ges\u00e9cherte Chat-Raum mat Scouten aus der ganzer Welt! Diskut\u00e9iert iwwer d&#8217;Erfarungen um JOTA-JOTI, deelt \u00c4ert W\u00ebssen oder entspaant bei engem flott Gespr\u00e9ich iwwer d\u2019Liewen als Scout.<\/p>\n\n\n\n<figure class=\"wp-block-image size-full\"><img loading=\"lazy\" decoding=\"async\" width=\"596\" height=\"329\" src=\"https:\/\/hoju.ovh\/wp-content\/uploads\/2025\/03\/Chat-Room.jpg\" alt=\"\" class=\"wp-image-431\" srcset=\"https:\/\/hoju.ovh\/wp-content\/uploads\/2025\/03\/Chat-Room.jpg 596w, https:\/\/hoju.ovh\/wp-content\/uploads\/2025\/03\/Chat-Room-300x166.jpg 300w\" sizes=\"auto, (max-width: 596px) 100vw, 596px\" \/><\/figure>\n<\/div>\n\n\n\n<div style=\"height:50px\" aria-hidden=\"true\" class=\"wp-block-spacer\"><\/div>\n\n\n\n<div class=\"wp-block-group is-layout-grid wp-container-core-group-is-layout-6059c0ab wp-block-group-is-layout-grid\">\n<figure class=\"wp-block-image size-full\"><img loading=\"lazy\" decoding=\"async\" width=\"596\" height=\"329\" src=\"https:\/\/hoju.ovh\/wp-content\/uploads\/2025\/03\/Button-Maker.jpg\" alt=\"\" class=\"wp-image-429\" srcset=\"https:\/\/hoju.ovh\/wp-content\/uploads\/2025\/03\/Button-Maker.jpg 596w, https:\/\/hoju.ovh\/wp-content\/uploads\/2025\/03\/Button-Maker-300x166.jpg 300w\" sizes=\"auto, (max-width: 596px) 100vw, 596px\" \/><\/figure>\n\n\n\n<p class=\"has-text-align-center wp-container-content-de781617\">Kritt Buttons als Souveniren fir JOTA-JOTI oder d&#8217;Jore Feierlechkeeten, d\u00e9i Dir dann un d&#8217;Scouten als Undenke verschenken oder tausche k\u00ebnnt.<\/p>\n<\/div>\n\n\n\n<div style=\"height:50px\" aria-hidden=\"true\" class=\"wp-block-spacer\"><\/div>\n\n\n\n<div class=\"wp-block-group is-layout-grid wp-container-core-group-is-layout-6059c0ab wp-block-group-is-layout-grid\">\n<p class=\"has-text-align-center wp-container-content-de781617\">Setzt de JOTA-JOTI-Logo oder en individuell&nbsp; Design op \u00c4re Materialien, d\u00e9i duerch de Screen Printing-Prozess direkt op d&#8217;Textil oder aner Materialie gedr\u00e9ckt ginn.<\/p>\n\n\n\n<figure class=\"wp-block-image size-full\"><img loading=\"lazy\" decoding=\"async\" width=\"596\" height=\"329\" src=\"https:\/\/hoju.ovh\/wp-content\/uploads\/2025\/03\/Screen-Printing.jpg\" alt=\"\" class=\"wp-image-448\" srcset=\"https:\/\/hoju.ovh\/wp-content\/uploads\/2025\/03\/Screen-Printing.jpg 596w, https:\/\/hoju.ovh\/wp-content\/uploads\/2025\/03\/Screen-Printing-300x166.jpg 300w\" sizes=\"auto, (max-width: 596px) 100vw, 596px\" \/><\/figure>\n<\/div>\n\n\n\n<div style=\"height:50px\" aria-hidden=\"true\" class=\"wp-block-spacer\"><\/div>\n\n\n\n<div class=\"wp-block-group is-layout-grid wp-container-core-group-is-layout-6059c0ab wp-block-group-is-layout-grid\">\n<figure class=\"wp-block-image size-full\"><img loading=\"lazy\" decoding=\"async\" width=\"596\" height=\"329\" src=\"https:\/\/hoju.ovh\/wp-content\/uploads\/2025\/03\/Solder-2.jpg\" alt=\"\" class=\"wp-image-454\" srcset=\"https:\/\/hoju.ovh\/wp-content\/uploads\/2025\/03\/Solder-2.jpg 596w, https:\/\/hoju.ovh\/wp-content\/uploads\/2025\/03\/Solder-2-300x166.jpg 300w\" sizes=\"auto, (max-width: 596px) 100vw, 596px\" \/><\/figure>\n\n\n\n<p class=\"has-text-align-center wp-container-content-de781617\">L\u00e9ier, w\u00e9i een&nbsp; e L\u00e9itkollwen&nbsp; benotzt, fir kreativ Elektronikprojeten ze bastelen! D\u00ebs Aktivit\u00e9it kombin\u00e9iert Handwierk an Technik, w\u00eblls de mat Leitzenn an engem L\u00e9itkollwen elektronesch Komponente verbannen, fir sch\u00e9in a funktionell St\u00e9cker ze kre\u00e9ieren.<\/p>\n<\/div>\n\n\n\n<div style=\"height:50px\" aria-hidden=\"true\" class=\"wp-block-spacer\"><\/div>\n\n\n\n<div class=\"wp-block-group is-layout-grid wp-container-core-group-is-layout-6059c0ab wp-block-group-is-layout-grid\">\n<p class=\"has-text-align-center wp-container-content-de781617\">Erfuere w\u00e9i et ass, am Fr\u00ebschloft a bei der fr\u00ebsch W\u00ebllnis ze schlofen. W\u00e9i bereets de richtege Schlofsack, Isolatioun an d&#8217;Ausr\u00fcstung auswielen, fir e komfortabelen an entspanen Schlof ze hunn, och an der fr\u00ebscher Loft.<\/p>\n\n\n\n<figure class=\"wp-block-image size-full\"><img loading=\"lazy\" decoding=\"async\" width=\"596\" height=\"329\" src=\"https:\/\/hoju.ovh\/wp-content\/uploads\/2025\/03\/Outdoor-Sleeping-Area.jpg\" alt=\"\" class=\"wp-image-444\" srcset=\"https:\/\/hoju.ovh\/wp-content\/uploads\/2025\/03\/Outdoor-Sleeping-Area.jpg 596w, https:\/\/hoju.ovh\/wp-content\/uploads\/2025\/03\/Outdoor-Sleeping-Area-300x166.jpg 300w\" sizes=\"auto, (max-width: 596px) 100vw, 596px\" \/><\/figure>\n<\/div>\n\n\n\n<p><\/p>\n","protected":false},"excerpt":{"rendered":"<p>&nbsp;Treff Scouten aus der ganzer Welt, stell d\u00e4i Grupp vir a l\u00e9ier spannend international Projeten kennen! Kuck Live-Emissiounen mat spannende&hellip;<\/p>\n","protected":false},"author":3,"featured_media":0,"parent":0,"menu_order":0,"comment_status":"closed","ping_status":"closed","template":"","meta":{"footnotes":""},"class_list":["post-386","page","type-page","status-publish","hentry"],"_links":{"self":[{"href":"https:\/\/hoju.ovh\/index.php\/wp-json\/wp\/v2\/pages\/386","targetHints":{"allow":["GET"]}}],"collection":[{"href":"https:\/\/hoju.ovh\/index.php\/wp-json\/wp\/v2\/pages"}],"about":[{"href":"https:\/\/hoju.ovh\/index.php\/wp-json\/wp\/v2\/types\/page"}],"author":[{"embeddable":true,"href":"https:\/\/hoju.ovh\/index.php\/wp-json\/wp\/v2\/users\/3"}],"replies":[{"embeddable":true,"href":"https:\/\/hoju.ovh\/index.php\/wp-json\/wp\/v2\/comments?post=386"}],"version-history":[{"count":40,"href":"https:\/\/hoju.ovh\/index.php\/wp-json\/wp\/v2\/pages\/386\/revisions"}],"predecessor-version":[{"id":485,"href":"https:\/\/hoju.ovh\/index.php\/wp-json\/wp\/v2\/pages\/386\/revisions\/485"}],"wp:attachment":[{"href":"https:\/\/hoju.ovh\/index.php\/wp-json\/wp\/v2\/media?parent=386"}],"curies":[{"name":"wp","href":"https:\/\/api.w.org\/{rel}","templated":true}]}}